{"id":150,"date":"2021-09-15T12:53:53","date_gmt":"2021-09-15T12:53:53","guid":{"rendered":"https:\/\/split22.com\/hr\/?page_id=150"},"modified":"2021-10-12T08:59:19","modified_gmt":"2021-10-12T08:59:19","slug":"povijest","status":"publish","type":"page","link":"https:\/\/split22.com\/hr\/povijest\/","title":{"rendered":"Povijest"},"content":{"rendered":"\t\t<div data-elementor-type=\"wp-page\" data-elementor-id=\"150\" class=\"elementor elementor-150\" data-elementor-settings=\"[]\">\n\t\t\t\t\t\t\t<div class=\"elementor-section-wrap\">\n\t\t\t\t\t\t\t<section class=\"plus_row_scroll_overflow elementor-section elementor-top-section elementor-element elementor-element-1c07473e elementor-section-items-stretch elementor-section-stretched elementor-section-height-min-height elementor-section-boxed elementor-section-height-default elementor-invisible\" data-id=\"1c07473e\" data-element_type=\"section\" data-settings=\"{&quot;stretch_section&quot;:&quot;section-stretched&quot;,&quot;background_background&quot;:&quot;classic&quot;,&quot;animation&quot;:&quot;fadeIn&quot;}\">\n\t\t\t\t\t\t\t<div class=\"elementor-background-overlay\"><\/div>\n\t\t\t\t\t\t\t<div class=\"elementor-container elementor-column-gap-default\">\n\t\t\t\t\t<div class=\"elementor-column elementor-col-50 elementor-top-column elementor-element elementor-element-65f49075\" data-id=\"65f49075\" data-element_type=\"column\">\n\t\t\t<div class=\"elementor-widget-wrap elementor-element-populated\">\n\t\t\t\t\t\t\t\t<section class=\"elementor-section elementor-inner-section elementor-element elementor-element-237baf7a elementor-section-boxed elementor-section-height-default elementor-section-height-default\" data-id=\"237baf7a\" data-element_type=\"section\">\n\t\t\t\t\t\t<div class=\"elementor-container elementor-column-gap-default\">\n\t\t\t\t\t<div class=\"elementor-column elementor-col-100 elementor-inner-column elementor-element elementor-element-7d06ef3b\" data-id=\"7d06ef3b\" data-element_type=\"column\">\n\t\t\t<div class=\"elementor-widget-wrap elementor-element-populated\">\n\t\t\t\t\t\t\t\t<div class=\"elementor-element elementor-element-7e1b550 animated-slow elementor-invisible elementor-widget elementor-widget-heading\" data-id=\"7e1b550\" data-element_type=\"widget\" data-settings=\"{&quot;_animation&quot;:&quot;fadeIn&quot;,&quot;_animation_delay&quot;:600}\" data-widget_type=\"heading.default\">\n\t\t\t\t<div class=\"elementor-widget-container\">\n\t\t\t<h2 class=\"elementor-heading-title elementor-size-default\">Dioklecijanova Pala\u010da u Splitu<\/h2>\t\t<\/div>\n\t\t\t\t<\/div>\n\t\t\t\t<div class=\"elementor-element elementor-element-93f8ea3 elementor-widget-divider--view-line elementor-widget elementor-widget-global elementor-global-177 elementor-widget-divider\" data-id=\"93f8ea3\" data-element_type=\"widget\" data-widget_type=\"divider.default\">\n\t\t\t\t<div class=\"elementor-widget-container\">\n\t\t\t\t\t<div class=\"elementor-divider\">\n\t\t\t<span class=\"elementor-divider-separator\">\n\t\t\t\t\t\t<\/span>\n\t\t<\/div>\n\t\t\t\t<\/div>\n\t\t\t\t<\/div>\n\t\t\t\t<div class=\"elementor-element elementor-element-acd25ee animated-slow elementor-invisible elementor-widget elementor-widget-heading\" data-id=\"acd25ee\" data-element_type=\"widget\" data-settings=\"{&quot;_animation&quot;:&quot;fadeIn&quot;,&quot;_animation_delay&quot;:800}\" data-widget_type=\"heading.default\">\n\t\t\t\t<div class=\"elementor-widget-container\">\n\t\t\t<h2 class=\"elementor-heading-title elementor-size-default\">Anti\u010dka pala\u010da sagra\u0111ena od\nrimskog cara Dioklecijana.<\/h2>\t\t<\/div>\n\t\t\t\t<\/div>\n\t\t\t\t<div class=\"elementor-element elementor-element-34389dd8 elementor-hidden-tablet elementor-hidden-mobile elementor-invisible elementor-widget elementor-widget-tp-button\" data-id=\"34389dd8\" data-element_type=\"widget\" data-settings=\"{&quot;_animation&quot;:&quot;fadeIn&quot;,&quot;_animation_delay&quot;:1600}\" data-widget_type=\"tp-button.default\">\n\t\t\t\t<div class=\"elementor-widget-container\">\n\t\t\t<div class=\"pt-plus-button-wrapper   text-left   \"><div class=\"button_parallax   \" ><div id=\"button69f4d35cb65b8\"  class=\" text-left ts-button content_hover_effect   \" ><div class=\"pt_plus_button btn69f4d35cb65a5 button-style-13  hover-left  animate-general \"   data-animate-type=\"transition.fadeIn\" data-animate-delay=\"300\" data-animate-offset=\"85%\" data-animate-duration=\"1800\" data-animate-out-type=\"transition.fadeOut\" data-animate-out-delay=\"50\"><div class=\"animted-content-inner \"><a href=\"#uvod\" class=\"button-link-wrap\" role=\"button\" data-hover=\"ISTRA\u017dI\"  ><span>ISTRA\u017dI<i class=\"btn-icon button-after fa fa-chevron-right\"><\/i><\/span><\/a><\/div><\/div><\/div><\/div><\/div>\t\t<\/div>\n\t\t\t\t<\/div>\n\t\t\t\t\t<\/div>\n\t\t<\/div>\n\t\t\t\t\t\t\t<\/div>\n\t\t<\/section>\n\t\t\t\t\t<\/div>\n\t\t<\/div>\n\t\t\t\t<div class=\"elementor-column elementor-col-50 elementor-top-column elementor-element elementor-element-5f809367 elementor-hidden-tablet elementor-hidden-mobile\" data-id=\"5f809367\" data-element_type=\"column\">\n\t\t\t<div class=\"elementor-widget-wrap\">\n\t\t\t\t\t\t\t\t\t<\/div>\n\t\t<\/div>\n\t\t\t\t\t\t\t<\/div>\n\t\t<\/section>\n\t\t\t\t<section class=\"elementor-section elementor-top-section elementor-element elementor-element-113e880d elementor-section-content-middle elementor-section-boxed elementor-section-height-default elementor-section-height-default\" data-id=\"113e880d\" data-element_type=\"section\" id=\"uvod\" data-settings=\"{&quot;background_background&quot;:&quot;classic&quot;,&quot;shape_divider_top&quot;:&quot;opacity-tilt&quot;}\">\n\t\t\t\t\t<div class=\"elementor-shape elementor-shape-top\" data-negative=\"false\">\n\t\t\t<svg xmlns=\"http:\/\/www.w3.org\/2000\/svg\" viewBox=\"0 0 2600 131.1\" preserveAspectRatio=\"none\">\n\t<path class=\"elementor-shape-fill\" d=\"M0 0L2600 0 2600 69.1 0 0z\"\/>\n\t<path class=\"elementor-shape-fill\" style=\"opacity:0.5\" d=\"M0 0L2600 0 2600 69.1 0 69.1z\"\/>\n\t<path class=\"elementor-shape-fill\" style=\"opacity:0.25\" d=\"M2600 0L0 0 0 130.1 2600 69.1z\"\/>\n<\/svg>\t\t<\/div>\n\t\t\t\t\t<div class=\"elementor-container elementor-column-gap-default\">\n\t\t\t\t\t<div class=\"elementor-column elementor-col-50 elementor-top-column elementor-element elementor-element-3494d546\" data-id=\"3494d546\" data-element_type=\"column\" data-settings=\"{&quot;background_background&quot;:&quot;classic&quot;}\">\n\t\t\t<div class=\"elementor-widget-wrap elementor-element-populated\">\n\t\t\t\t\t\t\t\t<div class=\"elementor-element elementor-element-2c9d4186 animated-slow elementor-invisible elementor-widget elementor-widget-heading\" data-id=\"2c9d4186\" data-element_type=\"widget\" data-settings=\"{&quot;_animation&quot;:&quot;fadeIn&quot;,&quot;_animation_delay&quot;:900}\" data-widget_type=\"heading.default\">\n\t\t\t\t<div class=\"elementor-widget-container\">\n\t\t\t<h2 class=\"elementor-heading-title elementor-size-default\">uvod<\/h2>\t\t<\/div>\n\t\t\t\t<\/div>\n\t\t\t\t<div class=\"elementor-element elementor-element-26674a15 elementor-invisible elementor-widget elementor-widget-text-editor\" data-id=\"26674a15\" data-element_type=\"widget\" data-settings=\"{&quot;_animation&quot;:&quot;fadeIn&quot;,&quot;_animation_delay&quot;:900}\" data-widget_type=\"text-editor.default\">\n\t\t\t\t<div class=\"elementor-widget-container\">\n\t\t\t\t\t\t\tU uvodu su prikazane beskrajne prirodne ljepote ovog kraja koje su ljude kroz stolje\u0107a poticale na skladan \u017eivot sa svojim okoli\u0161em. Godinama su stvarali i gradili na\u0161u prelijepu, bogatu i prepoznatljivu kulturnu i graditeljsku ba\u0161tinu.\t\t\t\t\t\t<\/div>\n\t\t\t\t<\/div>\n\t\t\t\t<div class=\"elementor-element elementor-element-ceac77c elementor-widget elementor-widget-image\" data-id=\"ceac77c\" data-element_type=\"widget\" data-widget_type=\"image.default\">\n\t\t\t\t<div class=\"elementor-widget-container\">\n\t\t\t\t\t\t\t\t\t\t\t\t\t\t\t\t<a href=\"https:\/\/split22.com\/hr\/wp-content\/uploads\/2021\/09\/post_image.jpg\" data-elementor-open-lightbox=\"yes\" data-elementor-lightbox-title=\"post_image\">\n\t\t\t\t\t\t\t<img loading=\"lazy\" decoding=\"async\" width=\"835\" height=\"421\" src=\"https:\/\/split22.com\/hr\/wp-content\/uploads\/2021\/09\/post_image.jpg\" class=\"attachment-full size-full\" alt=\"\" srcset=\"https:\/\/split22.com\/hr\/wp-content\/uploads\/2021\/09\/post_image.jpg 835w, https:\/\/split22.com\/hr\/wp-content\/uploads\/2021\/09\/post_image-300x151.jpg 300w, https:\/\/split22.com\/hr\/wp-content\/uploads\/2021\/09\/post_image-768x387.jpg 768w\" sizes=\"auto, (max-width: 835px) 100vw, 835px\" \/>\t\t\t\t\t\t\t\t<\/a>\n\t\t\t\t\t\t\t\t\t\t\t\t\t\t\t<\/div>\n\t\t\t\t<\/div>\n\t\t\t\t\t<\/div>\n\t\t<\/div>\n\t\t\t\t<div class=\"elementor-column elementor-col-50 elementor-top-column elementor-element elementor-element-290f84dd\" data-id=\"290f84dd\" data-element_type=\"column\" data-settings=\"{&quot;background_background&quot;:&quot;classic&quot;}\">\n\t\t\t<div class=\"elementor-widget-wrap elementor-element-populated\">\n\t\t\t\t\t<div class=\"elementor-background-overlay\"><\/div>\n\t\t\t\t\t\t\t\t<div class=\"elementor-element elementor-element-7fa78c8 elementor-invisible elementor-widget elementor-widget-text-editor\" data-id=\"7fa78c8\" data-element_type=\"widget\" data-settings=\"{&quot;_animation&quot;:&quot;fadeIn&quot;,&quot;_animation_delay&quot;:1100}\" data-widget_type=\"text-editor.default\">\n\t\t\t\t<div class=\"elementor-widget-container\">\n\t\t\t\t\t\t\t<p>DIOKLECIJANOVA PALA\u010cA \u2013 je anti\u010dka pala\u010da cara Dioklecijana u Splitu. Oko 300 godine podigao ju je rimski car Dioklecijan i u njoj boravio nakon povla\u010denja s prijestolja (305. godine) do smrti (316.godine).<\/p><p>Sagra\u0111ena je u uvali poluotoka pet kilometara jugozapadno od Salone, glavnog grada provincije Dalmacije. Po svojoj kompoziciji nosi u sebi elemente carske vile, helenisti\u010dkog grada i utvr\u0111enog vojnog logora (castrum). Pala\u010da je u tlocrtu zami\u0161ljena kao pravokutnik, ali je prilago\u0111avanje terenu, prilikom gradnje, nametnulo manja odstupanja (istok: 214,97 m, sjever: 174,74 m, jug: 181.65 m). Pro\u010delni zidovi pla\u010de u svojim su donjim dijelovima masivni i jednostavni bez otvora, a u gornjim dijelovima rastvorni su velikim lu\u010dnim prozorima koji su jednostavni prema kopnu, tj. na zapadnom, sjevernom i isto\u010dnom pro\u010delju, a ra\u0161\u010dlanjeni vijencima, konzolama i polustupovima na ju\u017enom pro\u010delju prema moru. Vanjski zidovi pala\u010de, osim zapadnog, do danas su ve\u0107im dijelom dobro sa\u010duvani.<\/p>\t\t\t\t\t\t<\/div>\n\t\t\t\t<\/div>\n\t\t\t\t<section class=\"elementor-section elementor-inner-section elementor-element elementor-element-07874c2 elementor-section-boxed elementor-section-height-default elementor-section-height-default\" data-id=\"07874c2\" data-element_type=\"section\">\n\t\t\t\t\t\t<div class=\"elementor-container elementor-column-gap-default\">\n\t\t\t\t\t<div class=\"elementor-column elementor-col-50 elementor-inner-column elementor-element elementor-element-32bbb8a\" data-id=\"32bbb8a\" data-element_type=\"column\">\n\t\t\t<div class=\"elementor-widget-wrap elementor-element-populated\">\n\t\t\t\t\t\t\t\t<div class=\"elementor-element elementor-element-ece2bfd pp-ins-normal pp-ins-hover-normal elementor-widget elementor-widget-pp-album\" data-id=\"ece2bfd\" data-element_type=\"widget\" data-widget_type=\"pp-album.default\">\n\t\t\t\t<div class=\"elementor-widget-container\">\n\t\t\t\t\t<div class=\"pp-album-container\">\n\t\t\t\t\t\t<div class=\"pp-album pp-album-cover-wrap pp-ins-filter-hover\" data-id=\"pp-album-ece2bfd-150\" data-fancybox-class=\"pp-fancybox-thumbs-y\" data-fancybox-axis=\"y\">\n\t\t\t\t\t\t\t<a data-elementor-open-lightbox=\"yes\" data-elementor-lightbox-slideshow=\"ece2bfd-150\" data-elementor-lightbox-index=\"0\" href=\"https:\/\/split22.com\/hr\/wp-content\/uploads\/2021\/10\/Segvic_knjiga-NEW-4-prvo-poglavlje-stranica1.jpg\" class=\"elementor-clickable\">\n\t\t\t\t<div class=\"pp-album-cover pp-media-content pp-ins-filter-target\">\n\t\t\t\t<img loading=\"lazy\" decoding=\"async\" width=\"404\" height=\"158\" src=\"https:\/\/split22.com\/hr\/wp-content\/uploads\/2021\/10\/split22-cijelo-poglavlje.jpg\" class=\"attachment-full size-full\" alt=\"\" \/><div class=\"pp-album-cover-overlay pp-media-overlay\"><\/div>\t\t\t\t<\/div>\n\t\t\t<\/a>\n\t\t\t\t\t\t\t<div class=\"pp-album-gallery pp-hidden\">\n\t\t\t\t\t<a class=\"pp-album-image elementor-clickable\" data-elementor-open-lightbox=\"yes\" data-elementor-lightbox-slideshow=\"ece2bfd-150\" data-elementor-lightbox-index=\"1\" href=\"https:\/\/split22.com\/hr\/wp-content\/uploads\/2021\/10\/Segvic_knjiga-NEW-4-prvo-poglavlje-stranica2.jpg\"><\/a><a class=\"pp-album-image elementor-clickable\" data-elementor-open-lightbox=\"yes\" data-elementor-lightbox-slideshow=\"ece2bfd-150\" data-elementor-lightbox-index=\"2\" href=\"https:\/\/split22.com\/hr\/wp-content\/uploads\/2021\/10\/Segvic_knjiga-NEW-4-prvo-poglavlje-stranica3.jpg\"><\/a><a class=\"pp-album-image elementor-clickable\" data-elementor-open-lightbox=\"yes\" data-elementor-lightbox-slideshow=\"ece2bfd-150\" data-elementor-lightbox-index=\"3\" href=\"https:\/\/split22.com\/hr\/wp-content\/uploads\/2021\/10\/Segvic_knjiga-NEW-4-prvo-poglavlje-stranica4.jpg\"><\/a><a class=\"pp-album-image elementor-clickable\" data-elementor-open-lightbox=\"yes\" data-elementor-lightbox-slideshow=\"ece2bfd-150\" data-elementor-lightbox-index=\"4\" href=\"https:\/\/split22.com\/hr\/wp-content\/uploads\/2021\/10\/Segvic_knjiga-NEW-4-prvo-poglavlje-stranica5.jpg\"><\/a><a class=\"pp-album-image elementor-clickable\" data-elementor-open-lightbox=\"yes\" data-elementor-lightbox-slideshow=\"ece2bfd-150\" data-elementor-lightbox-index=\"5\" href=\"https:\/\/split22.com\/hr\/wp-content\/uploads\/2021\/10\/Segvic_knjiga-NEW-4-prvo-poglavlje-stranica6.jpg\"><\/a><a class=\"pp-album-image elementor-clickable\" data-elementor-open-lightbox=\"yes\" data-elementor-lightbox-slideshow=\"ece2bfd-150\" data-elementor-lightbox-index=\"6\" href=\"https:\/\/split22.com\/hr\/wp-content\/uploads\/2021\/10\/Segvic_knjiga-NEW-4-prvo-poglavlje-stranica7.jpg\"><\/a><a class=\"pp-album-image elementor-clickable\" data-elementor-open-lightbox=\"yes\" data-elementor-lightbox-slideshow=\"ece2bfd-150\" data-elementor-lightbox-index=\"7\" href=\"https:\/\/split22.com\/hr\/wp-content\/uploads\/2021\/10\/Segvic_knjiga-NEW-4-prvo-poglavlje-stranica8.jpg\"><\/a><a class=\"pp-album-image elementor-clickable\" data-elementor-open-lightbox=\"yes\" data-elementor-lightbox-slideshow=\"ece2bfd-150\" data-elementor-lightbox-index=\"8\" href=\"https:\/\/split22.com\/hr\/wp-content\/uploads\/2021\/10\/Segvic_knjiga-NEW-4-prvo-poglavlje-stranica9.jpg\"><\/a><a class=\"pp-album-image elementor-clickable\" data-elementor-open-lightbox=\"yes\" data-elementor-lightbox-slideshow=\"ece2bfd-150\" data-elementor-lightbox-index=\"9\" href=\"https:\/\/split22.com\/hr\/wp-content\/uploads\/2021\/10\/Segvic_knjiga-NEW-4-prvo-poglavlje-stranica10.jpg\"><\/a><a class=\"pp-album-image elementor-clickable\" data-elementor-open-lightbox=\"yes\" data-elementor-lightbox-slideshow=\"ece2bfd-150\" data-elementor-lightbox-index=\"10\" href=\"https:\/\/split22.com\/hr\/wp-content\/uploads\/2021\/10\/Segvic_knjiga-NEW-4-prvo-poglavlje-stranica11.jpg\"><\/a><a class=\"pp-album-image elementor-clickable\" data-elementor-open-lightbox=\"yes\" data-elementor-lightbox-slideshow=\"ece2bfd-150\" data-elementor-lightbox-index=\"11\" href=\"https:\/\/split22.com\/hr\/wp-content\/uploads\/2021\/10\/Segvic_knjiga-NEW-4-prvo-poglavlje-stranica12.jpg\"><\/a>\t\t\t\t<\/div>\n\t\t\t<\/div>\n\t\t\t\t\t\t<\/div>\n\t\t\t\t<\/div>\n\t\t\t\t<\/div>\n\t\t\t\t\t<\/div>\n\t\t<\/div>\n\t\t\t\t<div class=\"elementor-column elementor-col-50 elementor-inner-column elementor-element elementor-element-526f9dd\" data-id=\"526f9dd\" data-element_type=\"column\">\n\t\t\t<div class=\"elementor-widget-wrap\">\n\t\t\t\t\t\t\t\t\t<\/div>\n\t\t<\/div>\n\t\t\t\t\t\t\t<\/div>\n\t\t<\/section>\n\t\t\t\t\t<\/div>\n\t\t<\/div>\n\t\t\t\t\t\t\t<\/div>\n\t\t<\/section>\n\t\t\t\t<section class=\"elementor-section elementor-top-section elementor-element elementor-element-9326e98 elementor-section-stretched elementor-section-boxed elementor-section-height-default elementor-section-height-default\" data-id=\"9326e98\" data-element_type=\"section\" data-settings=\"{&quot;stretch_section&quot;:&quot;section-stretched&quot;,&quot;background_background&quot;:&quot;classic&quot;}\">\n\t\t\t\t\t\t\t<div class=\"elementor-background-overlay\"><\/div>\n\t\t\t\t\t\t\t<div class=\"elementor-container elementor-column-gap-no\">\n\t\t\t\t\t<div class=\"elementor-column elementor-col-100 elementor-top-column elementor-element elementor-element-79a98ce\" data-id=\"79a98ce\" data-element_type=\"column\">\n\t\t\t<div class=\"elementor-widget-wrap elementor-element-populated\">\n\t\t\t\t\t\t\t\t<section class=\"elementor-section elementor-inner-section elementor-element elementor-element-5b03cf6 elementor-section-full_width elementor-section-height-default elementor-section-height-default\" data-id=\"5b03cf6\" data-element_type=\"section\">\n\t\t\t\t\t\t<div class=\"elementor-container elementor-column-gap-default\">\n\t\t\t\t\t<div class=\"elementor-column elementor-col-50 elementor-inner-column elementor-element elementor-element-9fb88b7\" data-id=\"9fb88b7\" data-element_type=\"column\">\n\t\t\t<div class=\"elementor-widget-wrap elementor-element-populated\">\n\t\t\t\t\t\t\t\t<div class=\"elementor-element elementor-element-5919e93 animated-slow elementor-invisible elementor-widget elementor-widget-heading\" data-id=\"5919e93\" data-element_type=\"widget\" data-settings=\"{&quot;_animation&quot;:&quot;fadeIn&quot;,&quot;_animation_delay&quot;:800}\" data-widget_type=\"heading.default\">\n\t\t\t\t<div class=\"elementor-widget-container\">\n\t\t\t<h2 class=\"elementor-heading-title elementor-size-default\">Split kao nepresu\u0161no vrelo inspiracija umjetnicima cijelog svijeta<\/h2>\t\t<\/div>\n\t\t\t\t<\/div>\n\t\t\t\t\t<\/div>\n\t\t<\/div>\n\t\t\t\t<div class=\"elementor-column elementor-col-50 elementor-inner-column elementor-element elementor-element-5063ab2\" data-id=\"5063ab2\" data-element_type=\"column\" data-settings=\"{&quot;background_background&quot;:&quot;classic&quot;}\">\n\t\t\t<div class=\"elementor-widget-wrap\">\n\t\t\t\t\t\t\t\t\t<\/div>\n\t\t<\/div>\n\t\t\t\t\t\t\t<\/div>\n\t\t<\/section>\n\t\t\t\t<section class=\"elementor-section elementor-inner-section elementor-element elementor-element-a223f95 elementor-section-full_width animated-slow elementor-section-height-default elementor-section-height-default elementor-invisible\" data-id=\"a223f95\" data-element_type=\"section\" data-settings=\"{&quot;animation&quot;:&quot;fadeIn&quot;}\">\n\t\t\t\t\t\t<div class=\"elementor-container elementor-column-gap-default\">\n\t\t\t\t\t<div class=\"elementor-column elementor-col-50 elementor-inner-column elementor-element elementor-element-4a26dd7\" data-id=\"4a26dd7\" data-element_type=\"column\">\n\t\t\t<div class=\"elementor-widget-wrap elementor-element-populated\">\n\t\t\t\t\t\t\t\t<div class=\"elementor-element elementor-element-1ad68fe elementor-position-left elementor-vertical-align-middle elementor-widget elementor-widget-image-box\" data-id=\"1ad68fe\" data-element_type=\"widget\" data-widget_type=\"image-box.default\">\n\t\t\t\t<div class=\"elementor-widget-container\">\n\t\t\t<div class=\"elementor-image-box-wrapper\"><figure class=\"elementor-image-box-img\"><img loading=\"lazy\" decoding=\"async\" width=\"353\" height=\"356\" src=\"https:\/\/split22.com\/hr\/wp-content\/uploads\/2021\/09\/ada9a09acea936d776a6f55c82778c43_S.jpg\" class=\"attachment-full size-full\" alt=\"\" \/><\/figure><div class=\"elementor-image-box-content\"><p class=\"elementor-image-box-description\">Ula\u017eu se napori oko kandidature Splita za grad Evropske kulture 2020. godine. Objekti koji su ranije navedeni mogli bi biti u sklopu ovih nastojanja. U ovom smislu postoji idejno rje\u0161enje \"Nove Bazilike\" prof. Borisa Maga\u0161a u sto\u010dnom krilu \"zagrljaja\" gradske luke ispred poluotoka Sustipana.\n<\/p><\/div><\/div>\t\t<\/div>\n\t\t\t\t<\/div>\n\t\t\t\t\t<\/div>\n\t\t<\/div>\n\t\t\t\t<div class=\"elementor-column elementor-col-50 elementor-inner-column elementor-element elementor-element-4f44f83\" data-id=\"4f44f83\" data-element_type=\"column\">\n\t\t\t<div class=\"elementor-widget-wrap elementor-element-populated\">\n\t\t\t\t\t\t\t\t<div class=\"elementor-element elementor-element-d3e55f0 elementor-position-left elementor-vertical-align-middle elementor-widget elementor-widget-image-box\" data-id=\"d3e55f0\" data-element_type=\"widget\" data-widget_type=\"image-box.default\">\n\t\t\t\t<div class=\"elementor-widget-container\">\n\t\t\t<div class=\"elementor-image-box-wrapper\"><figure class=\"elementor-image-box-img\"><img loading=\"lazy\" decoding=\"async\" width=\"353\" height=\"353\" src=\"https:\/\/split22.com\/hr\/wp-content\/uploads\/2021\/09\/ffee2447b152494b43d9816faaea83c8_S.jpg\" class=\"attachment-full size-full\" alt=\"\" \/><\/figure><div class=\"elementor-image-box-content\"><p class=\"elementor-image-box-description\">Robert Adam, Ru\u0161evine pala\u010de cara Dioklecijana, 1764., op\u0107i presjek pala\u010de od istoka prema zapadu \u2022 akvarel Rudolfa von Altader Domplatz in Spalato - 1841. i grafika Roberta Adama Spalato - Kaiserplast Vestbulium Fassadendetail - 1764.\n\n\n<\/p><\/div><\/div>\t\t<\/div>\n\t\t\t\t<\/div>\n\t\t\t\t\t<\/div>\n\t\t<\/div>\n\t\t\t\t\t\t\t<\/div>\n\t\t<\/section>\n\t\t\t\t\t<\/div>\n\t\t<\/div>\n\t\t\t\t\t\t\t<\/div>\n\t\t<\/section>\n\t\t\t\t\t\t<\/div>\n\t\t\t\t\t<\/div>\n\t\t","protected":false},"excerpt":{"rendered":"<p>Dioklecijanova Pala\u010da u Splitu Anti\u010dka pala\u010da sagra\u0111ena od rimskog cara Dioklecijana. ISTRA\u017dI uvod U uvodu su prikazane beskrajne prirodne ljepote ovog kraja koje su ljude kroz stolje\u0107a poticale na skladan \u017eivot sa svojim okoli\u0161em. Godinama su stvarali i gradili na\u0161u prelijepu, bogatu i prepoznatljivu kulturnu i graditeljsku ba\u0161tinu. DIOKLECIJANOVA PALA\u010cA \u2013 je anti\u010dka pala\u010da cara [&hellip;]<\/p>\n","protected":false},"author":1,"featured_media":0,"parent":0,"menu_order":0,"comment_status":"closed","ping_status":"closed","template":"elementor_header_footer","meta":{"footnotes":""},"class_list":["post-150","page","type-page","status-publish","hentry"],"_links":{"self":[{"href":"https:\/\/split22.com\/hr\/wp-json\/wp\/v2\/pages\/150","targetHints":{"allow":["GET"]}}],"collection":[{"href":"https:\/\/split22.com\/hr\/wp-json\/wp\/v2\/pages"}],"about":[{"href":"https:\/\/split22.com\/hr\/wp-json\/wp\/v2\/types\/page"}],"author":[{"embeddable":true,"href":"https:\/\/split22.com\/hr\/wp-json\/wp\/v2\/users\/1"}],"replies":[{"embeddable":true,"href":"https:\/\/split22.com\/hr\/wp-json\/wp\/v2\/comments?post=150"}],"version-history":[{"count":191,"href":"https:\/\/split22.com\/hr\/wp-json\/wp\/v2\/pages\/150\/revisions"}],"predecessor-version":[{"id":1409,"href":"https:\/\/split22.com\/hr\/wp-json\/wp\/v2\/pages\/150\/revisions\/1409"}],"wp:attachment":[{"href":"https:\/\/split22.com\/hr\/wp-json\/wp\/v2\/media?parent=150"}],"curies":[{"name":"wp","href":"https:\/\/api.w.org\/{rel}","templated":true}]}}