{"id":2070,"date":"2021-10-21T07:32:07","date_gmt":"2021-10-21T07:32:07","guid":{"rendered":"https:\/\/split22.com\/hr\/?page_id=2070"},"modified":"2021-11-10T08:34:21","modified_gmt":"2021-11-10T08:34:21","slug":"knjiga-split-22","status":"publish","type":"page","link":"https:\/\/split22.com\/hr\/knjiga-split-22\/","title":{"rendered":"Knjiga Split 22"},"content":{"rendered":"\t\t<div data-elementor-type=\"wp-page\" data-elementor-id=\"2070\" class=\"elementor elementor-2070\" data-elementor-settings=\"[]\">\n\t\t\t\t\t\t\t<div class=\"elementor-section-wrap\">\n\t\t\t\t\t\t\t<section class=\"elementor-section elementor-top-section elementor-element elementor-element-5e4ae306 elementor-section-full_width elementor-section-height-full elementor-hidden-tablet elementor-hidden-mobile elementor-section-height-default elementor-section-items-middle\" data-id=\"5e4ae306\" data-element_type=\"section\" data-settings=\"{&quot;background_background&quot;:&quot;classic&quot;}\">\n\t\t\t\t\t\t\t<div class=\"elementor-background-overlay\"><\/div>\n\t\t\t\t\t\t\t<div class=\"elementor-container elementor-column-gap-default\">\n\t\t\t\t\t<div class=\"elementor-column elementor-col-50 elementor-top-column elementor-element elementor-element-153add8d\" data-id=\"153add8d\" data-element_type=\"column\" data-settings=\"{&quot;background_background&quot;:&quot;classic&quot;}\">\n\t\t\t<div class=\"elementor-widget-wrap elementor-element-populated\">\n\t\t\t\t\t<div class=\"elementor-background-overlay\"><\/div>\n\t\t\t\t\t\t\t\t<div class=\"elementor-element elementor-element-108e8129 elementor-testimonial--layout-image_above elementor-testimonial--align-left elementor-pagination-type-fraction elementor-testimonial--skin-default elementor-arrows-yes elementor-widget elementor-widget-testimonial-carousel\" data-id=\"108e8129\" data-element_type=\"widget\" data-settings=\"{&quot;slides_per_view&quot;:&quot;1&quot;,&quot;slides_to_scroll&quot;:&quot;1&quot;,&quot;pagination&quot;:&quot;fraction&quot;,&quot;speed&quot;:700,&quot;show_arrows&quot;:&quot;yes&quot;,&quot;autoplay&quot;:&quot;yes&quot;,&quot;autoplay_speed&quot;:5000,&quot;loop&quot;:&quot;yes&quot;,&quot;space_between&quot;:{&quot;unit&quot;:&quot;px&quot;,&quot;size&quot;:10,&quot;sizes&quot;:[]},&quot;space_between_tablet&quot;:{&quot;unit&quot;:&quot;px&quot;,&quot;size&quot;:10,&quot;sizes&quot;:[]},&quot;space_between_mobile&quot;:{&quot;unit&quot;:&quot;px&quot;,&quot;size&quot;:10,&quot;sizes&quot;:[]}}\" data-widget_type=\"testimonial-carousel.default\">\n\t\t\t\t<div class=\"elementor-widget-container\">\n\t\t\t\t\t<div class=\"elementor-swiper\">\n\t\t\t<div class=\"elementor-main-swiper swiper-container\">\n\t\t\t\t<div class=\"swiper-wrapper\">\n\t\t\t\t\t\t\t\t\t\t\t<div class=\"swiper-slide\">\n\t\t\t\t\t\t\t\t\t<div class=\"elementor-testimonial\">\n\t\t\t\t\t\t\t<div class=\"elementor-testimonial__content\">\n\t\t\t\t\t<div class=\"elementor-testimonial__text\">\n\t\t\t\t\t\tNema dvojbe da \u017eivimo u vremenu depresije (psiholo\u0161ke, ekonomske, idejne), da u strahu od neizvjesne \u010dak i sada\u0161njosti sve \u010de\u0161\u0107e gledamo u pro\u0161lost, a ako se prepustimo razmi\u0161ljanju o budu\u0107nosti lak\u0161e je vidimo te\u0161kom, crnom i opasnom. To bi moglo biti jo\u0161 shvatljivo i prihvatljivo da se radi isklju\u010divo o starim ljudima, koji ne vide velike perspektive, ali bojim se da su mladi jo\u0161 prepla\u0161eniji, beznadaniji, kao da im je oteta \u0161ansa mirnog sagledivog razvoja. Ne znam jesmo li do\u0161li do dna klonulosti, poti\u0161tenosti, bezvoljnosti, ali vrijeme  mo\u017ee biti poticajno i za te\u017enju prema obratu, mo\u017ee nu\u017eno oja\u010dati svijest  o potrebi pokretanja iz letargije. \u017deljko \u0160egvi\u0107 evidentno pripada me\u0111u one koji se ne mire s nastalom situacijom, koji ne odustaje od okretanja prema budu\u0107nost, ne posustaje u svojim vizijama ma koliko nailazio na te\u0161ko\u0107e i nerazumijevanje. Zna i on da \u017eivimo u razdoblju velikih problema, ali s razlogom pomi\u0161lja da ih treba po\u010deti i rje\u0161avati.\t\t\t\t\t<\/div>\n\t\t\t\t\t<cite class=\"elementor-testimonial__cite\"><span class=\"elementor-testimonial__name\">Akademik Tonko Maroevic<\/span><span class=\"elementor-testimonial__title\">\"\u0160egvi\u0107 vidi puteve po kojima splitsko postaje svjetskim.\"<\/span><\/cite>\t\t\t\t<\/div>\n\t\t\t\t\t\t<div class=\"elementor-testimonial__footer\">\n\t\t\t\t\t\t\t\t\t<div class=\"elementor-testimonial__image\">\n\t\t\t\t\t\t<img decoding=\"async\" src=\"https:\/\/split22.com\/hr\/wp-content\/uploads\/2021\/10\/imaginarium.png\" alt=\"Akademik Tonko Maroevic\">\n\t\t\t\t\t<\/div>\n\t\t\t\t\t\t\t\t\t\t\t<\/div>\n\t\t<\/div>\n\t\t\t\t\t\t\t\t<\/div>\n\t\t\t\t\t\t\t\t\t<\/div>\n\t\t\t\t\t\t\t<\/div>\n\t\t<\/div>\n\t\t\t\t<\/div>\n\t\t\t\t<\/div>\n\t\t\t\t\t<\/div>\n\t\t<\/div>\n\t\t\t\t<div class=\"elementor-column elementor-col-50 elementor-top-column elementor-element elementor-element-39b4920a\" data-id=\"39b4920a\" data-element_type=\"column\" data-settings=\"{&quot;background_background&quot;:&quot;classic&quot;}\">\n\t\t\t<div class=\"elementor-widget-wrap elementor-element-populated\">\n\t\t\t\t\t<div class=\"elementor-background-overlay\"><\/div>\n\t\t\t\t\t\t\t\t<div class=\"elementor-element elementor-element-efc056e elementor-widget elementor-widget-image\" data-id=\"efc056e\" data-element_type=\"widget\" data-widget_type=\"image.default\">\n\t\t\t\t<div class=\"elementor-widget-container\">\n\t\t\t\t\t\t\t\t\t\t\t\t\t\t\t\t<a href=\"#elementor-action%3Aaction%3Dpopup%3Aopen%26settings%3DeyJpZCI6IjIxNDgiLCJ0b2dnbGUiOmZhbHNlfQ%3D%3D\" target=\"_blank\">\n\t\t\t\t\t\t\t<img loading=\"lazy\" decoding=\"async\" width=\"502\" height=\"196\" src=\"https:\/\/split22.com\/hr\/wp-content\/uploads\/2021\/10\/Digitalna-zbirka-i-katalog-Hrvatske-akademije-znanosti-i-umjetnosti.jpg\" class=\"attachment-full size-full\" alt=\"\" srcset=\"https:\/\/split22.com\/hr\/wp-content\/uploads\/2021\/10\/Digitalna-zbirka-i-katalog-Hrvatske-akademije-znanosti-i-umjetnosti.jpg 502w, https:\/\/split22.com\/hr\/wp-content\/uploads\/2021\/10\/Digitalna-zbirka-i-katalog-Hrvatske-akademije-znanosti-i-umjetnosti-300x117.jpg 300w\" sizes=\"auto, (max-width: 502px) 100vw, 502px\" \/>\t\t\t\t\t\t\t\t<\/a>\n\t\t\t\t\t\t\t\t\t\t\t\t\t\t\t<\/div>\n\t\t\t\t<\/div>\n\t\t\t\t<div class=\"elementor-element elementor-element-68d85061 elementor-widget elementor-widget-image\" data-id=\"68d85061\" data-element_type=\"widget\" data-widget_type=\"image.default\">\n\t\t\t\t<div class=\"elementor-widget-container\">\n\t\t\t\t\t\t\t\t\t\t\t\t\t\t\t\t<a href=\"#elementor-action%3Aaction%3Dpopup%3Aopen%26settings%3DeyJpZCI6IjIyMDAiLCJ0b2dnbGUiOmZhbHNlfQ%3D%3D\" target=\"_blank\">\n\t\t\t\t\t\t\t<img loading=\"lazy\" decoding=\"async\" width=\"502\" height=\"196\" src=\"https:\/\/split22.com\/hr\/wp-content\/uploads\/2021\/10\/knjiga-toronto.jpg\" class=\"attachment-full size-full\" alt=\"\" srcset=\"https:\/\/split22.com\/hr\/wp-content\/uploads\/2021\/10\/knjiga-toronto.jpg 502w, https:\/\/split22.com\/hr\/wp-content\/uploads\/2021\/10\/knjiga-toronto-300x117.jpg 300w\" sizes=\"auto, (max-width: 502px) 100vw, 502px\" \/>\t\t\t\t\t\t\t\t<\/a>\n\t\t\t\t\t\t\t\t\t\t\t\t\t\t\t<\/div>\n\t\t\t\t<\/div>\n\t\t\t\t<div class=\"elementor-element elementor-element-2605374c elementor-widget elementor-widget-image\" data-id=\"2605374c\" data-element_type=\"widget\" data-widget_type=\"image.default\">\n\t\t\t\t<div class=\"elementor-widget-container\">\n\t\t\t\t\t\t\t\t\t\t\t\t\t\t\t\t<a href=\"https:\/\/znanje.hr\/product\/nova-dioklecijanova-palaca\/274549\" target=\"_blank\">\n\t\t\t\t\t\t\t<img loading=\"lazy\" decoding=\"async\" width=\"502\" height=\"196\" src=\"https:\/\/split22.com\/hr\/wp-content\/uploads\/2021\/10\/hrvatska-verzija-knjige.jpg\" class=\"attachment-full size-full\" alt=\"\" srcset=\"https:\/\/split22.com\/hr\/wp-content\/uploads\/2021\/10\/hrvatska-verzija-knjige.jpg 502w, https:\/\/split22.com\/hr\/wp-content\/uploads\/2021\/10\/hrvatska-verzija-knjige-300x117.jpg 300w\" sizes=\"auto, (max-width: 502px) 100vw, 502px\" \/>\t\t\t\t\t\t\t\t<\/a>\n\t\t\t\t\t\t\t\t\t\t\t\t\t\t\t<\/div>\n\t\t\t\t<\/div>\n\t\t\t\t\t<\/div>\n\t\t<\/div>\n\t\t\t\t\t\t\t<\/div>\n\t\t<\/section>\n\t\t\t\t<section class=\"elementor-section elementor-top-section elementor-element elementor-element-ddec7c4 elementor-section-full_width elementor-hidden-desktop elementor-section-height-default elementor-section-height-default\" data-id=\"ddec7c4\" data-element_type=\"section\" data-settings=\"{&quot;background_background&quot;:&quot;classic&quot;}\">\n\t\t\t\t\t\t\t<div class=\"elementor-background-overlay\"><\/div>\n\t\t\t\t\t\t\t<div class=\"elementor-container elementor-column-gap-default\">\n\t\t\t\t\t<div class=\"elementor-column elementor-col-50 elementor-top-column elementor-element elementor-element-78a5fff5\" data-id=\"78a5fff5\" data-element_type=\"column\" data-settings=\"{&quot;background_background&quot;:&quot;classic&quot;}\">\n\t\t\t<div class=\"elementor-widget-wrap elementor-element-populated\">\n\t\t\t\t\t<div class=\"elementor-background-overlay\"><\/div>\n\t\t\t\t\t\t\t\t<div class=\"elementor-element elementor-element-7fe4dd32 elementor-testimonial--layout-image_above elementor-testimonial--align-left elementor-pagination-type-fraction elementor-testimonial--skin-default elementor-arrows-yes elementor-widget elementor-widget-testimonial-carousel\" data-id=\"7fe4dd32\" data-element_type=\"widget\" data-settings=\"{&quot;slides_per_view&quot;:&quot;1&quot;,&quot;slides_to_scroll&quot;:&quot;1&quot;,&quot;pagination&quot;:&quot;fraction&quot;,&quot;speed&quot;:700,&quot;show_arrows&quot;:&quot;yes&quot;,&quot;autoplay&quot;:&quot;yes&quot;,&quot;autoplay_speed&quot;:5000,&quot;loop&quot;:&quot;yes&quot;,&quot;space_between&quot;:{&quot;unit&quot;:&quot;px&quot;,&quot;size&quot;:10,&quot;sizes&quot;:[]},&quot;space_between_tablet&quot;:{&quot;unit&quot;:&quot;px&quot;,&quot;size&quot;:10,&quot;sizes&quot;:[]},&quot;space_between_mobile&quot;:{&quot;unit&quot;:&quot;px&quot;,&quot;size&quot;:10,&quot;sizes&quot;:[]}}\" data-widget_type=\"testimonial-carousel.default\">\n\t\t\t\t<div class=\"elementor-widget-container\">\n\t\t\t\t\t<div class=\"elementor-swiper\">\n\t\t\t<div class=\"elementor-main-swiper swiper-container\">\n\t\t\t\t<div class=\"swiper-wrapper\">\n\t\t\t\t\t\t\t\t\t\t\t<div class=\"swiper-slide\">\n\t\t\t\t\t\t\t\t\t<div class=\"elementor-testimonial\">\n\t\t\t\t\t\t\t<div class=\"elementor-testimonial__content\">\n\t\t\t\t\t<div class=\"elementor-testimonial__text\">\n\t\t\t\t\t\tNema dvojbe da \u017eivimo u vremenu depresije (psiholo\u0161ke, ekonomske, idejne), da u strahu od neizvjesne \u010dak i sada\u0161njosti sve \u010de\u0161\u0107e gledamo u pro\u0161lost, a ako se prepustimo razmi\u0161ljanju o budu\u0107nosti lak\u0161e je vidimo te\u0161kom, crnom i opasnom. To bi moglo biti jo\u0161 shvatljivo i prihvatljivo da se radi isklju\u010divo o starim ljudima, koji ne vide velike perspektive, ali bojim se da su mladi jo\u0161 prepla\u0161eniji, beznadaniji, kao da im je oteta \u0161ansa mirnog sagledivog razvoja. Ne znam jesmo li do\u0161li do dna klonulosti, poti\u0161tenosti, bezvoljnosti, ali vrijeme  mo\u017ee biti poticajno i za te\u017enju prema obratu, mo\u017ee nu\u017eno oja\u010dati svijest  o potrebi pokretanja iz letargije. \u017deljko \u0160egvi\u0107 evidentno pripada me\u0111u one koji se ne mire s nastalom situacijom, koji ne odustaje od okretanja prema budu\u0107nost, ne posustaje u svojim vizijama ma koliko nailazio na te\u0161ko\u0107e i nerazumijevanje. Zna i on da \u017eivimo u razdoblju velikih problema, ali s razlogom pomi\u0161lja da ih treba po\u010deti i rje\u0161avati.\t\t\t\t\t<\/div>\n\t\t\t\t\t<cite class=\"elementor-testimonial__cite\"><span class=\"elementor-testimonial__name\">Akademik Tonko Maroevic<\/span><span class=\"elementor-testimonial__title\">\"\u0160egvi\u0107 vidi puteve po kojima splitsko postaje svjetskim.\"<\/span><\/cite>\t\t\t\t<\/div>\n\t\t\t\t\t\t<div class=\"elementor-testimonial__footer\">\n\t\t\t\t\t\t\t\t\t<div class=\"elementor-testimonial__image\">\n\t\t\t\t\t\t<img decoding=\"async\" src=\"https:\/\/split22.com\/hr\/wp-content\/uploads\/2021\/10\/imaginarium.png\" alt=\"Akademik Tonko Maroevic\">\n\t\t\t\t\t<\/div>\n\t\t\t\t\t\t\t\t\t\t\t<\/div>\n\t\t<\/div>\n\t\t\t\t\t\t\t\t<\/div>\n\t\t\t\t\t\t\t\t\t<\/div>\n\t\t\t\t\t\t\t<\/div>\n\t\t<\/div>\n\t\t\t\t<\/div>\n\t\t\t\t<\/div>\n\t\t\t\t\t<\/div>\n\t\t<\/div>\n\t\t\t\t<div class=\"elementor-column elementor-col-50 elementor-top-column elementor-element elementor-element-2f8bcafc\" data-id=\"2f8bcafc\" data-element_type=\"column\" data-settings=\"{&quot;background_background&quot;:&quot;classic&quot;}\">\n\t\t\t<div class=\"elementor-widget-wrap elementor-element-populated\">\n\t\t\t\t\t<div class=\"elementor-background-overlay\"><\/div>\n\t\t\t\t\t\t\t\t<div class=\"elementor-element elementor-element-7b8e277b elementor-widget elementor-widget-image\" data-id=\"7b8e277b\" data-element_type=\"widget\" data-widget_type=\"image.default\">\n\t\t\t\t<div class=\"elementor-widget-container\">\n\t\t\t\t\t\t\t\t\t\t\t\t\t\t\t\t<a href=\"#elementor-action%3Aaction%3Dpopup%3Aopen%26settings%3DeyJpZCI6IjIxNDgiLCJ0b2dnbGUiOmZhbHNlfQ%3D%3D\" target=\"_blank\">\n\t\t\t\t\t\t\t<img loading=\"lazy\" decoding=\"async\" width=\"502\" height=\"196\" src=\"https:\/\/split22.com\/hr\/wp-content\/uploads\/2021\/10\/Digitalna-zbirka-i-katalog-Hrvatske-akademije-znanosti-i-umjetnosti.jpg\" class=\"attachment-full size-full\" alt=\"\" srcset=\"https:\/\/split22.com\/hr\/wp-content\/uploads\/2021\/10\/Digitalna-zbirka-i-katalog-Hrvatske-akademije-znanosti-i-umjetnosti.jpg 502w, https:\/\/split22.com\/hr\/wp-content\/uploads\/2021\/10\/Digitalna-zbirka-i-katalog-Hrvatske-akademije-znanosti-i-umjetnosti-300x117.jpg 300w\" sizes=\"auto, (max-width: 502px) 100vw, 502px\" \/>\t\t\t\t\t\t\t\t<\/a>\n\t\t\t\t\t\t\t\t\t\t\t\t\t\t\t<\/div>\n\t\t\t\t<\/div>\n\t\t\t\t<div class=\"elementor-element elementor-element-3c696ec4 elementor-widget elementor-widget-image\" data-id=\"3c696ec4\" data-element_type=\"widget\" data-widget_type=\"image.default\">\n\t\t\t\t<div class=\"elementor-widget-container\">\n\t\t\t\t\t\t\t\t\t\t\t\t\t\t\t\t<a href=\"#elementor-action%3Aaction%3Dpopup%3Aopen%26settings%3DeyJpZCI6IjIyMDAiLCJ0b2dnbGUiOmZhbHNlfQ%3D%3D\" target=\"_blank\">\n\t\t\t\t\t\t\t<img loading=\"lazy\" decoding=\"async\" width=\"502\" height=\"196\" src=\"https:\/\/split22.com\/hr\/wp-content\/uploads\/2021\/10\/knjiga-toronto.jpg\" class=\"attachment-full size-full\" alt=\"\" srcset=\"https:\/\/split22.com\/hr\/wp-content\/uploads\/2021\/10\/knjiga-toronto.jpg 502w, https:\/\/split22.com\/hr\/wp-content\/uploads\/2021\/10\/knjiga-toronto-300x117.jpg 300w\" sizes=\"auto, (max-width: 502px) 100vw, 502px\" \/>\t\t\t\t\t\t\t\t<\/a>\n\t\t\t\t\t\t\t\t\t\t\t\t\t\t\t<\/div>\n\t\t\t\t<\/div>\n\t\t\t\t<div class=\"elementor-element elementor-element-49120a3b elementor-widget elementor-widget-image\" data-id=\"49120a3b\" data-element_type=\"widget\" data-widget_type=\"image.default\">\n\t\t\t\t<div class=\"elementor-widget-container\">\n\t\t\t\t\t\t\t\t\t\t\t\t\t\t\t\t<a href=\"https:\/\/znanje.hr\/product\/nova-dioklecijanova-palaca\/274549\" target=\"_blank\">\n\t\t\t\t\t\t\t<img loading=\"lazy\" decoding=\"async\" width=\"502\" height=\"196\" src=\"https:\/\/split22.com\/hr\/wp-content\/uploads\/2021\/10\/hrvatska-verzija-knjige.jpg\" class=\"attachment-full size-full\" alt=\"\" srcset=\"https:\/\/split22.com\/hr\/wp-content\/uploads\/2021\/10\/hrvatska-verzija-knjige.jpg 502w, https:\/\/split22.com\/hr\/wp-content\/uploads\/2021\/10\/hrvatska-verzija-knjige-300x117.jpg 300w\" sizes=\"auto, (max-width: 502px) 100vw, 502px\" \/>\t\t\t\t\t\t\t\t<\/a>\n\t\t\t\t\t\t\t\t\t\t\t\t\t\t\t<\/div>\n\t\t\t\t<\/div>\n\t\t\t\t\t<\/div>\n\t\t<\/div>\n\t\t\t\t\t\t\t<\/div>\n\t\t<\/section>\n\t\t\t\t\t\t<\/div>\n\t\t\t\t\t<\/div>\n\t\t","protected":false},"excerpt":{"rendered":"<p>Nema dvojbe da \u017eivimo u vremenu depresije (psiholo\u0161ke, ekonomske, idejne), da u strahu od neizvjesne \u010dak i sada\u0161njosti sve \u010de\u0161\u0107e gledamo u pro\u0161lost, a ako se prepustimo razmi\u0161ljanju o budu\u0107nosti lak\u0161e je vidimo te\u0161kom, crnom i opasnom. To bi moglo biti jo\u0161 shvatljivo i prihvatljivo da se radi isklju\u010divo o starim ljudima, koji ne vide [&hellip;]<\/p>\n","protected":false},"author":1,"featured_media":0,"parent":0,"menu_order":0,"comment_status":"closed","ping_status":"closed","template":"elementor_header_footer","meta":{"footnotes":""},"class_list":["post-2070","page","type-page","status-publish","hentry"],"_links":{"self":[{"href":"https:\/\/split22.com\/hr\/wp-json\/wp\/v2\/pages\/2070","targetHints":{"allow":["GET"]}}],"collection":[{"href":"https:\/\/split22.com\/hr\/wp-json\/wp\/v2\/pages"}],"about":[{"href":"https:\/\/split22.com\/hr\/wp-json\/wp\/v2\/types\/page"}],"author":[{"embeddable":true,"href":"https:\/\/split22.com\/hr\/wp-json\/wp\/v2\/users\/1"}],"replies":[{"embeddable":true,"href":"https:\/\/split22.com\/hr\/wp-json\/wp\/v2\/comments?post=2070"}],"version-history":[{"count":44,"href":"https:\/\/split22.com\/hr\/wp-json\/wp\/v2\/pages\/2070\/revisions"}],"predecessor-version":[{"id":2244,"href":"https:\/\/split22.com\/hr\/wp-json\/wp\/v2\/pages\/2070\/revisions\/2244"}],"wp:attachment":[{"href":"https:\/\/split22.com\/hr\/wp-json\/wp\/v2\/media?parent=2070"}],"curies":[{"name":"wp","href":"https:\/\/api.w.org\/{rel}","templated":true}]}}